{"id":207,"date":"2023-06-27T17:24:24","date_gmt":"2023-06-27T17:24:24","guid":{"rendered":"https:\/\/faculdadeluteranaconcordia.com.br\/site\/?page_id=207"},"modified":"2025-06-24T17:02:27","modified_gmt":"2025-06-24T17:02:27","slug":"contato","status":"publish","type":"page","link":"https:\/\/faculdadeluteranaconcordia.com.br\/site\/contato\/","title":{"rendered":"Contato"},"content":{"rendered":"\t\t<div data-elementor-type=\"wp-page\" data-elementor-id=\"207\" class=\"elementor elementor-207\" data-elementor-post-type=\"page\">\n\t\t\t\t\t\t\t\t\t<section class=\"elementor-section elementor-top-section elementor-element elementor-element-557db01 elementor-section-full_width elementor-section-height-default elementor-section-height-default\" data-id=\"557db01\" data-element_type=\"section\" data-settings=\"{&quot;shape_divider_bottom&quot;:&quot;mountains&quot;,&quot;motion_fx_motion_fx_scrolling&quot;:&quot;yes&quot;,&quot;motion_fx_scale_effect&quot;:&quot;yes&quot;,&quot;motion_fx_scale_speed&quot;:{&quot;unit&quot;:&quot;px&quot;,&quot;size&quot;:2,&quot;sizes&quot;:[]},&quot;motion_fx_devices&quot;:[&quot;desktop&quot;],&quot;background_background&quot;:&quot;classic&quot;,&quot;motion_fx_scale_direction&quot;:&quot;out-in&quot;,&quot;motion_fx_scale_range&quot;:{&quot;unit&quot;:&quot;%&quot;,&quot;size&quot;:&quot;&quot;,&quot;sizes&quot;:{&quot;start&quot;:20,&quot;end&quot;:80}}}\">\n\t\t\t\t\t<div class=\"elementor-shape elementor-shape-bottom\" data-negative=\"false\">\n\t\t\t<svg xmlns=\"http:\/\/www.w3.org\/2000\/svg\" viewBox=\"0 0 1000 100\" preserveAspectRatio=\"none\">\n\t<path class=\"elementor-shape-fill\" opacity=\"0.33\" d=\"M473,67.3c-203.9,88.3-263.1-34-320.3,0C66,119.1,0,59.7,0,59.7V0h1000v59.7 c0,0-62.1,26.1-94.9,29.3c-32.8,3.3-62.8-12.3-75.8-22.1C806,49.6,745.3,8.7,694.9,4.7S492.4,59,473,67.3z\"\/>\n\t<path class=\"elementor-shape-fill\" opacity=\"0.66\" d=\"M734,67.3c-45.5,0-77.2-23.2-129.1-39.1c-28.6-8.7-150.3-10.1-254,39.1 s-91.7-34.4-149.2,0C115.7,118.3,0,39.8,0,39.8V0h1000v36.5c0,0-28.2-18.5-92.1-18.5C810.2,18.1,775.7,67.3,734,67.3z\"\/>\n\t<path class=\"elementor-shape-fill\" d=\"M766.1,28.9c-200-57.5-266,65.5-395.1,19.5C242,1.8,242,5.4,184.8,20.6C128,35.8,132.3,44.9,89.9,52.5C28.6,63.7,0,0,0,0 h1000c0,0-9.9,40.9-83.6,48.1S829.6,47,766.1,28.9z\"\/>\n<\/svg>\t\t<\/div>\n\t\t\t\t\t<div class=\"elementor-container elementor-column-gap-default\">\n\t\t\t\t\t<div class=\"elementor-column elementor-col-100 elementor-top-column elementor-element elementor-element-b29407d\" data-id=\"b29407d\" data-element_type=\"column\">\n\t\t\t<div class=\"elementor-widget-wrap elementor-element-populated\">\n\t\t\t\t\t\t\t\t<div class=\"elementor-element elementor-element-8f3950d elementor--h-position-center elementor--v-position-middle elementor-widget elementor-widget-slides\" data-id=\"8f3950d\" data-element_type=\"widget\" data-settings=\"{&quot;navigation&quot;:&quot;none&quot;,&quot;autoplay_speed&quot;:4000,&quot;autoplay&quot;:&quot;yes&quot;,&quot;infinite&quot;:&quot;yes&quot;,&quot;transition&quot;:&quot;slide&quot;,&quot;transition_speed&quot;:500}\" data-widget_type=\"slides.default\">\n\t\t\t\t<div class=\"elementor-widget-container\">\n\t\t\t<style>\/*! elementor-pro - v3.14.0 - 26-06-2023 *\/\n.elementor-slides .swiper-slide-bg{background-size:cover;background-position:50%;background-repeat:no-repeat;min-width:100%;min-height:100%}.elementor-slides .swiper-slide-inner{background-repeat:no-repeat;background-position:50%;position:absolute;top:0;left:0;bottom:0;right:0;padding:50px;margin:auto}.elementor-slides .swiper-slide-inner,.elementor-slides .swiper-slide-inner:hover{color:#fff;display:flex}.elementor-slides .swiper-slide-inner .elementor-background-overlay{position:absolute;z-index:0;top:0;bottom:0;left:0;right:0}.elementor-slides .swiper-slide-inner .elementor-slide-content{position:relative;z-index:1;width:100%}.elementor-slides .swiper-slide-inner .elementor-slide-heading{font-size:35px;font-weight:700;line-height:1}.elementor-slides .swiper-slide-inner .elementor-slide-description{font-size:17px;line-height:1.4}.elementor-slides .swiper-slide-inner .elementor-slide-description:not(:last-child),.elementor-slides .swiper-slide-inner .elementor-slide-heading:not(:last-child){margin-bottom:30px}.elementor-slides .swiper-slide-inner .elementor-slide-button{border:2px solid #fff;color:#fff;background:transparent;display:inline-block}.elementor-slides .swiper-slide-inner .elementor-slide-button,.elementor-slides .swiper-slide-inner .elementor-slide-button:hover{background:transparent;color:inherit;text-decoration:none}.elementor--v-position-top .swiper-slide-inner{align-items:flex-start}.elementor--v-position-bottom .swiper-slide-inner{align-items:flex-end}.elementor--v-position-middle .swiper-slide-inner{align-items:center}.elementor--h-position-left .swiper-slide-inner{justify-content:flex-start}.elementor--h-position-right .swiper-slide-inner{justify-content:flex-end}.elementor--h-position-center .swiper-slide-inner{justify-content:center}body.rtl .elementor-widget-slides .elementor-swiper-button-next{left:10px;right:auto}body.rtl .elementor-widget-slides .elementor-swiper-button-prev{right:10px;left:auto}.elementor-slides-wrapper div:not(.swiper-slide)>.swiper-slide-inner{display:none}@media (max-width:767px){.elementor-slides .swiper-slide-inner{padding:30px}.elementor-slides .swiper-slide-inner .elementor-slide-heading{font-size:23px;line-height:1;margin-bottom:15px}.elementor-slides .swiper-slide-inner .elementor-slide-description{font-size:13px;line-height:1.4;margin-bottom:15px}}<\/style>\t\t<div class=\"elementor-swiper\">\n\t\t\t<div class=\"elementor-slides-wrapper elementor-main-swiper swiper\" dir=\"ltr\" data-animation=\"fadeInUp\">\n\t\t\t\t<div class=\"swiper-wrapper elementor-slides\">\n\t\t\t\t\t\t\t\t\t\t<div class=\"elementor-repeater-item-2df0d87 swiper-slide\"><div class=\"swiper-slide-bg elementor-ken-burns elementor-ken-burns--in\" role=\"img\"><\/div><div class=\"elementor-background-overlay\"><\/div><div class=\"swiper-slide-inner\" ><div class=\"swiper-slide-contents\"><div class=\"elementor-slide-heading\">Contato<\/div><\/div><\/div><\/div><div class=\"elementor-repeater-item-a31e96a swiper-slide\"><div class=\"swiper-slide-bg elementor-ken-burns elementor-ken-burns--in\" role=\"img\"><\/div><div class=\"elementor-background-overlay\"><\/div><div class=\"swiper-slide-inner\" ><div class=\"swiper-slide-contents\"><\/div><\/div><\/div>\t\t\t\t<\/div>\n\t\t\t\t\t\t\t\t\t\t\t\t\t\t\t\t\t\t\t\t\t<\/div>\n\t\t<\/div>\n\t\t\t\t<\/div>\n\t\t\t\t<\/div>\n\t\t\t\t\t<\/div>\n\t\t<\/div>\n\t\t\t\t\t\t\t<\/div>\n\t\t<\/section>\n\t\t\t\t<section class=\"elementor-section elementor-top-section elementor-element elementor-element-1d130be elementor-section-content-middle elementor-section-boxed elementor-section-height-default elementor-section-height-default\" data-id=\"1d130be\" data-element_type=\"section\" data-settings=\"{&quot;background_background&quot;:&quot;classic&quot;}\">\n\t\t\t\t\t\t<div class=\"elementor-container elementor-column-gap-no\">\n\t\t\t\t\t<div class=\"elementor-column elementor-col-50 elementor-top-column elementor-element elementor-element-9182508\" data-id=\"9182508\" data-element_type=\"column\">\n\t\t\t<div class=\"elementor-widget-wrap elementor-element-populated\">\n\t\t\t\t\t\t\t\t<div class=\"elementor-element elementor-element-fce6996 elementor-widget elementor-widget-heading\" data-id=\"fce6996\" data-element_type=\"widget\" data-widget_type=\"heading.default\">\n\t\t\t\t<div class=\"elementor-widget-container\">\n\t\t\t<style>\/*! elementor - v3.14.0 - 26-06-2023 *\/\n.elementor-heading-title{padding:0;margin:0;line-height:1}.elementor-widget-heading .elementor-heading-title[class*=elementor-size-]>a{color:inherit;font-size:inherit;line-height:inherit}.elementor-widget-heading .elementor-heading-title.elementor-size-small{font-size:15px}.elementor-widget-heading .elementor-heading-title.elementor-size-medium{font-size:19px}.elementor-widget-heading .elementor-heading-title.elementor-size-large{font-size:29px}.elementor-widget-heading .elementor-heading-title.elementor-size-xl{font-size:39px}.elementor-widget-heading .elementor-heading-title.elementor-size-xxl{font-size:59px}<\/style><h4 class=\"elementor-heading-title elementor-size-default\">Canais de Comunica\u00e7\u00e3o<\/h4>\t\t<\/div>\n\t\t\t\t<\/div>\n\t\t\t\t<div class=\"elementor-element elementor-element-23b2073 elementor-icon-list--layout-traditional elementor-list-item-link-full_width elementor-widget elementor-widget-icon-list\" data-id=\"23b2073\" data-element_type=\"widget\" data-widget_type=\"icon-list.default\">\n\t\t\t\t<div class=\"elementor-widget-container\">\n\t\t\t<link rel=\"stylesheet\" href=\"https:\/\/faculdadeluteranaconcordia.com.br\/site\/wp-content\/plugins\/elementor\/assets\/css\/widget-icon-list.min.css\">\t\t<ul class=\"elementor-icon-list-items\">\n\t\t\t\t\t\t\t<li class=\"elementor-icon-list-item\">\n\t\t\t\t\t\t\t\t\t\t\t<span class=\"elementor-icon-list-icon\">\n\t\t\t\t\t\t\t<i aria-hidden=\"true\" class=\"fas fa-phone-alt\"><\/i>\t\t\t\t\t\t<\/span>\n\t\t\t\t\t\t\t\t\t\t<span class=\"elementor-icon-list-text\">51 3037-8000<\/span>\n\t\t\t\t\t\t\t\t\t<\/li>\n\t\t\t\t\t\t\t\t<li class=\"elementor-icon-list-item\">\n\t\t\t\t\t\t\t\t\t\t\t<span class=\"elementor-icon-list-icon\">\n\t\t\t\t\t\t\t<i aria-hidden=\"true\" class=\"fab fa-whatsapp\"><\/i>\t\t\t\t\t\t<\/span>\n\t\t\t\t\t\t\t\t\t\t<span class=\"elementor-icon-list-text\">51 3037-8268<\/span>\n\t\t\t\t\t\t\t\t\t<\/li>\n\t\t\t\t\t\t\t\t<li class=\"elementor-icon-list-item\">\n\t\t\t\t\t\t\t\t\t\t\t<span class=\"elementor-icon-list-icon\">\n\t\t\t\t\t\t\t<i aria-hidden=\"true\" class=\"far fa-envelope\"><\/i>\t\t\t\t\t\t<\/span>\n\t\t\t\t\t\t\t\t\t\t<span class=\"elementor-icon-list-text\">direcao@faculdadeluteranaconcordia.com.br<\/span>\n\t\t\t\t\t\t\t\t\t<\/li>\n\t\t\t\t\t\t\t\t<li class=\"elementor-icon-list-item\">\n\t\t\t\t\t\t\t\t\t\t\t<span class=\"elementor-icon-list-icon\">\n\t\t\t\t\t\t\t<i aria-hidden=\"true\" class=\"far fa-envelope\"><\/i>\t\t\t\t\t\t<\/span>\n\t\t\t\t\t\t\t\t\t\t<span class=\"elementor-icon-list-text\">secretaria@faculdadeluteranaconcordia.com.br<\/span>\n\t\t\t\t\t\t\t\t\t<\/li>\n\t\t\t\t\t\t<\/ul>\n\t\t\t\t<\/div>\n\t\t\t\t<\/div>\n\t\t\t\t<div class=\"elementor-element elementor-element-fe1b54e elementor-widget elementor-widget-heading\" data-id=\"fe1b54e\" data-element_type=\"widget\" data-widget_type=\"heading.default\">\n\t\t\t\t<div class=\"elementor-widget-container\">\n\t\t\t<h4 class=\"elementor-heading-title elementor-size-default\">Ouvidoria<\/h4>\t\t<\/div>\n\t\t\t\t<\/div>\n\t\t\t\t<div class=\"elementor-element elementor-element-c4487ed elementor-icon-list--layout-traditional elementor-list-item-link-full_width elementor-widget elementor-widget-icon-list\" data-id=\"c4487ed\" data-element_type=\"widget\" data-widget_type=\"icon-list.default\">\n\t\t\t\t<div class=\"elementor-widget-container\">\n\t\t\t\t\t<ul class=\"elementor-icon-list-items\">\n\t\t\t\t\t\t\t<li class=\"elementor-icon-list-item\">\n\t\t\t\t\t\t\t\t\t\t\t<span class=\"elementor-icon-list-icon\">\n\t\t\t\t\t\t\t<i aria-hidden=\"true\" class=\"far fa-envelope\"><\/i>\t\t\t\t\t\t<\/span>\n\t\t\t\t\t\t\t\t\t\t<span class=\"elementor-icon-list-text\">ouvidoria@faculdadeluteranaconcordia.com.br<\/span>\n\t\t\t\t\t\t\t\t\t<\/li>\n\t\t\t\t\t\t<\/ul>\n\t\t\t\t<\/div>\n\t\t\t\t<\/div>\n\t\t\t\t<div class=\"elementor-element elementor-element-07e53ea elementor-widget elementor-widget-heading\" data-id=\"07e53ea\" data-element_type=\"widget\" data-widget_type=\"heading.default\">\n\t\t\t\t<div class=\"elementor-widget-container\">\n\t\t\t<div class=\"elementor-heading-title elementor-size-default\">Hor\u00e1rio de atendimento<\/div>\t\t<\/div>\n\t\t\t\t<\/div>\n\t\t\t\t<div class=\"elementor-element elementor-element-cf47d11 elementor-widget elementor-widget-text-editor\" data-id=\"cf47d11\" data-element_type=\"widget\" data-widget_type=\"text-editor.default\">\n\t\t\t\t<div class=\"elementor-widget-container\">\n\t\t\t<style>\/*! elementor - v3.14.0 - 26-06-2023 *\/\n.elementor-widget-text-editor.elementor-drop-cap-view-stacked .elementor-drop-cap{background-color:#69727d;color:#fff}.elementor-widget-text-editor.elementor-drop-cap-view-framed .elementor-drop-cap{color:#69727d;border:3px solid;background-color:transparent}.elementor-widget-text-editor:not(.elementor-drop-cap-view-default) .elementor-drop-cap{margin-top:8px}.elementor-widget-text-editor:not(.elementor-drop-cap-view-default) .elementor-drop-cap-letter{width:1em;height:1em}.elementor-widget-text-editor .elementor-drop-cap{float:left;text-align:center;line-height:1;font-size:50px}.elementor-widget-text-editor .elementor-drop-cap-letter{display:inline-block}<\/style>\t\t\t\t<p>Seg &#8211; Sex: 07h30-12h | 13h-17h15<\/p>\t\t\t\t\t\t<\/div>\n\t\t\t\t<\/div>\n\t\t\t\t\t<\/div>\n\t\t<\/div>\n\t\t\t\t<div class=\"elementor-column elementor-col-50 elementor-top-column elementor-element elementor-element-623a126\" data-id=\"623a126\" data-element_type=\"column\">\n\t\t\t<div class=\"elementor-widget-wrap elementor-element-populated\">\n\t\t\t\t\t\t\t\t<div class=\"elementor-element elementor-element-3d0220e elementor-widget elementor-widget-heading\" data-id=\"3d0220e\" data-element_type=\"widget\" data-widget_type=\"heading.default\">\n\t\t\t\t<div class=\"elementor-widget-container\">\n\t\t\t<div class=\"elementor-heading-title elementor-size-default\">ENDERE\u00c7O<\/div>\t\t<\/div>\n\t\t\t\t<\/div>\n\t\t\t\t<div class=\"elementor-element elementor-element-5e0c9bc elementor-widget elementor-widget-text-editor\" data-id=\"5e0c9bc\" data-element_type=\"widget\" data-widget_type=\"text-editor.default\">\n\t\t\t\t<div class=\"elementor-widget-container\">\n\t\t\t\t\t\t\t<p>Avenida Get\u00falio Vargas, 4388, B. S\u00e3o Jo\u00e3o Batista, S\u00e3o Leopoldo, Rio Grande do Sul &#8211; 93022-422.<\/p>\t\t\t\t\t\t<\/div>\n\t\t\t\t<\/div>\n\t\t\t\t<div class=\"elementor-element elementor-element-e799234 elementor-widget elementor-widget-google_maps\" data-id=\"e799234\" data-element_type=\"widget\" data-widget_type=\"google_maps.default\">\n\t\t\t\t<div class=\"elementor-widget-container\">\n\t\t\t<style>\/*! elementor - v3.14.0 - 26-06-2023 *\/\n.elementor-widget-google_maps .elementor-widget-container{overflow:hidden}.elementor-widget-google_maps .elementor-custom-embed{line-height:0}.elementor-widget-google_maps iframe{height:300px}<\/style>\t\t<div class=\"elementor-custom-embed\">\n\t\t\t<iframe loading=\"lazy\"\n\t\t\t\t\tsrc=\"https:\/\/maps.google.com\/maps?q=Avenida%20Get%C3%BAlio%20Vargas%2C%204388%2C%20B.%20S%C3%A3o%20Jo%C3%A3o%20Batista%2C%20S%C3%A3o%20Leopoldo%2C%20Rio%20Grande%20do%20Sul%20-%2093022-422&#038;t=m&#038;z=17&#038;output=embed&#038;iwloc=near\"\n\t\t\t\t\ttitle=\"Avenida Get\u00falio Vargas, 4388, B. S\u00e3o Jo\u00e3o Batista, S\u00e3o Leopoldo, Rio Grande do Sul - 93022-422\"\n\t\t\t\t\taria-label=\"Avenida Get\u00falio Vargas, 4388, B. S\u00e3o Jo\u00e3o Batista, S\u00e3o Leopoldo, Rio Grande do Sul - 93022-422\"\n\t\t\t><\/iframe>\n\t\t<\/div>\n\t\t\t\t<\/div>\n\t\t\t\t<\/div>\n\t\t\t\t\t<\/div>\n\t\t<\/div>\n\t\t\t\t\t\t\t<\/div>\n\t\t<\/section>\n\t\t\t\t\t\t\t<\/div>\n\t\t","protected":false},"excerpt":{"rendered":"<p>Contato Canais de Comunica\u00e7\u00e3o 51 3037-8000 51 3037-8268 direcao@faculdadeluteranaconcordia.com.br secretaria@faculdadeluteranaconcordia.com.br Ouvidoria ouvidoria@faculdadeluteranaconcordia.com.br Hor\u00e1rio de atendimento Seg &#8211; Sex: 07h30-12h | 13h-17h15 ENDERE\u00c7O Avenida Get\u00falio Vargas, 4388, B. S\u00e3o Jo\u00e3o Batista, S\u00e3o Leopoldo, Rio Grande do Sul &#8211; 93022-422.<\/p>\n","protected":false},"author":1,"featured_media":2254,"parent":0,"menu_order":0,"comment_status":"closed","ping_status":"closed","template":"","meta":{"_acf_changed":false,"footnotes":""},"class_list":["post-207","page","type-page","status-publish","has-post-thumbnail","hentry"],"acf":[],"yoast_head":"<!-- This site is optimized with the Yoast SEO plugin v25.3.1 - https:\/\/yoast.com\/wordpress\/plugins\/seo\/ -->\n<title>Contato - Faculdade Luterana Conc\u00f3rdia<\/title>\n<meta name=\"description\" content=\"Compromisso em oferecer uma educa\u00e7\u00e3o de qualidade. Formamos centenas de pastores que servem em cerca de 1900 congrega\u00e7\u00f5es no Brasil e no exterior.\" \/>\n<meta name=\"robots\" content=\"index, follow, max-snippet:-1, max-image-preview:large, max-video-preview:-1\" \/>\n<link rel=\"canonical\" href=\"https:\/\/faculdadeluteranaconcordia.com.br\/site\/contato\/\" \/>\n<meta property=\"og:locale\" content=\"pt_PT\" \/>\n<meta property=\"og:type\" content=\"article\" \/>\n<meta property=\"og:title\" content=\"Contato - Faculdade Luterana Conc\u00f3rdia\" \/>\n<meta property=\"og:description\" content=\"Compromisso em oferecer uma educa\u00e7\u00e3o de qualidade. Formamos centenas de pastores que servem em cerca de 1900 congrega\u00e7\u00f5es no Brasil e no exterior.\" \/>\n<meta property=\"og:url\" content=\"https:\/\/faculdadeluteranaconcordia.com.br\/site\/contato\/\" \/>\n<meta property=\"og:site_name\" content=\"Faculdade Luterana Conc\u00f3rdia\" \/>\n<meta property=\"article:modified_time\" content=\"2025-06-24T17:02:27+00:00\" \/>\n<meta property=\"og:image\" content=\"https:\/\/faculdadeluteranaconcordia.com.br\/site\/wp-content\/uploads\/2025\/06\/CONTATO-FACULDADE-2025.webp\" \/>\n\t<meta property=\"og:image:width\" content=\"1920\" \/>\n\t<meta property=\"og:image:height\" content=\"1080\" \/>\n\t<meta property=\"og:image:type\" content=\"image\/webp\" \/>\n<meta name=\"twitter:card\" content=\"summary_large_image\" \/>\n<meta name=\"twitter:label1\" content=\"Tempo estimado de leitura\" \/>\n\t<meta name=\"twitter:data1\" content=\"1 minuto\" \/>\n<script type=\"application\/ld+json\" class=\"yoast-schema-graph\">{\"@context\":\"https:\/\/schema.org\",\"@graph\":[{\"@type\":\"WebPage\",\"@id\":\"https:\/\/faculdadeluteranaconcordia.com.br\/site\/contato\/\",\"url\":\"https:\/\/faculdadeluteranaconcordia.com.br\/site\/contato\/\",\"name\":\"Contato - Faculdade Luterana Conc\u00f3rdia\",\"isPartOf\":{\"@id\":\"https:\/\/faculdadeluteranaconcordia.com.br\/site\/#website\"},\"primaryImageOfPage\":{\"@id\":\"https:\/\/faculdadeluteranaconcordia.com.br\/site\/contato\/#primaryimage\"},\"image\":{\"@id\":\"https:\/\/faculdadeluteranaconcordia.com.br\/site\/contato\/#primaryimage\"},\"thumbnailUrl\":\"https:\/\/faculdadeluteranaconcordia.com.br\/site\/wp-content\/uploads\/2025\/06\/CONTATO-FACULDADE-2025.webp\",\"datePublished\":\"2023-06-27T17:24:24+00:00\",\"dateModified\":\"2025-06-24T17:02:27+00:00\",\"description\":\"Compromisso em oferecer uma educa\u00e7\u00e3o de qualidade. Formamos centenas de pastores que servem em cerca de 1900 congrega\u00e7\u00f5es no Brasil e no exterior.\",\"breadcrumb\":{\"@id\":\"https:\/\/faculdadeluteranaconcordia.com.br\/site\/contato\/#breadcrumb\"},\"inLanguage\":\"pt-PT\",\"potentialAction\":[{\"@type\":\"ReadAction\",\"target\":[\"https:\/\/faculdadeluteranaconcordia.com.br\/site\/contato\/\"]}]},{\"@type\":\"ImageObject\",\"inLanguage\":\"pt-PT\",\"@id\":\"https:\/\/faculdadeluteranaconcordia.com.br\/site\/contato\/#primaryimage\",\"url\":\"https:\/\/faculdadeluteranaconcordia.com.br\/site\/wp-content\/uploads\/2025\/06\/CONTATO-FACULDADE-2025.webp\",\"contentUrl\":\"https:\/\/faculdadeluteranaconcordia.com.br\/site\/wp-content\/uploads\/2025\/06\/CONTATO-FACULDADE-2025.webp\",\"width\":1920,\"height\":1080},{\"@type\":\"BreadcrumbList\",\"@id\":\"https:\/\/faculdadeluteranaconcordia.com.br\/site\/contato\/#breadcrumb\",\"itemListElement\":[{\"@type\":\"ListItem\",\"position\":1,\"name\":\"In\u00edcio\",\"item\":\"https:\/\/faculdadeluteranaconcordia.com.br\/site\/\"},{\"@type\":\"ListItem\",\"position\":2,\"name\":\"Contato\"}]},{\"@type\":\"WebSite\",\"@id\":\"https:\/\/faculdadeluteranaconcordia.com.br\/site\/#website\",\"url\":\"https:\/\/faculdadeluteranaconcordia.com.br\/site\/\",\"name\":\"Faculdade Luterana Conc\u00f3rdia\",\"description\":\"Site Institucional da Faculdade Luterana\",\"publisher\":{\"@id\":\"https:\/\/faculdadeluteranaconcordia.com.br\/site\/#organization\"},\"potentialAction\":[{\"@type\":\"SearchAction\",\"target\":{\"@type\":\"EntryPoint\",\"urlTemplate\":\"https:\/\/faculdadeluteranaconcordia.com.br\/site\/?s={search_term_string}\"},\"query-input\":{\"@type\":\"PropertyValueSpecification\",\"valueRequired\":true,\"valueName\":\"search_term_string\"}}],\"inLanguage\":\"pt-PT\"},{\"@type\":\"Organization\",\"@id\":\"https:\/\/faculdadeluteranaconcordia.com.br\/site\/#organization\",\"name\":\"Faculdade Luterana Conc\u00f3rdia\",\"url\":\"https:\/\/faculdadeluteranaconcordia.com.br\/site\/\",\"logo\":{\"@type\":\"ImageObject\",\"inLanguage\":\"pt-PT\",\"@id\":\"https:\/\/faculdadeluteranaconcordia.com.br\/site\/#\/schema\/logo\/image\/\",\"url\":\"https:\/\/faculdadeluteranaconcordia.com.br\/site\/wp-content\/uploads\/2023\/04\/LOGO-NOVO-FACULDADE-1.webp\",\"contentUrl\":\"https:\/\/faculdadeluteranaconcordia.com.br\/site\/wp-content\/uploads\/2023\/04\/LOGO-NOVO-FACULDADE-1.webp\",\"width\":1200,\"height\":383,\"caption\":\"Faculdade Luterana Conc\u00f3rdia\"},\"image\":{\"@id\":\"https:\/\/faculdadeluteranaconcordia.com.br\/site\/#\/schema\/logo\/image\/\"}}]}<\/script>\n<!-- \/ Yoast SEO plugin. -->","yoast_head_json":{"title":"Contato - Faculdade Luterana Conc\u00f3rdia","description":"Compromisso em oferecer uma educa\u00e7\u00e3o de qualidade. Formamos centenas de pastores que servem em cerca de 1900 congrega\u00e7\u00f5es no Brasil e no exterior.","robots":{"index":"index","follow":"follow","max-snippet":"max-snippet:-1","max-image-preview":"max-image-preview:large","max-video-preview":"max-video-preview:-1"},"canonical":"https:\/\/faculdadeluteranaconcordia.com.br\/site\/contato\/","og_locale":"pt_PT","og_type":"article","og_title":"Contato - Faculdade Luterana Conc\u00f3rdia","og_description":"Compromisso em oferecer uma educa\u00e7\u00e3o de qualidade. Formamos centenas de pastores que servem em cerca de 1900 congrega\u00e7\u00f5es no Brasil e no exterior.","og_url":"https:\/\/faculdadeluteranaconcordia.com.br\/site\/contato\/","og_site_name":"Faculdade Luterana Conc\u00f3rdia","article_modified_time":"2025-06-24T17:02:27+00:00","og_image":[{"width":1920,"height":1080,"url":"https:\/\/faculdadeluteranaconcordia.com.br\/site\/wp-content\/uploads\/2025\/06\/CONTATO-FACULDADE-2025.webp","type":"image\/webp"}],"twitter_card":"summary_large_image","twitter_misc":{"Tempo estimado de leitura":"1 minuto"},"schema":{"@context":"https:\/\/schema.org","@graph":[{"@type":"WebPage","@id":"https:\/\/faculdadeluteranaconcordia.com.br\/site\/contato\/","url":"https:\/\/faculdadeluteranaconcordia.com.br\/site\/contato\/","name":"Contato - Faculdade Luterana Conc\u00f3rdia","isPartOf":{"@id":"https:\/\/faculdadeluteranaconcordia.com.br\/site\/#website"},"primaryImageOfPage":{"@id":"https:\/\/faculdadeluteranaconcordia.com.br\/site\/contato\/#primaryimage"},"image":{"@id":"https:\/\/faculdadeluteranaconcordia.com.br\/site\/contato\/#primaryimage"},"thumbnailUrl":"https:\/\/faculdadeluteranaconcordia.com.br\/site\/wp-content\/uploads\/2025\/06\/CONTATO-FACULDADE-2025.webp","datePublished":"2023-06-27T17:24:24+00:00","dateModified":"2025-06-24T17:02:27+00:00","description":"Compromisso em oferecer uma educa\u00e7\u00e3o de qualidade. Formamos centenas de pastores que servem em cerca de 1900 congrega\u00e7\u00f5es no Brasil e no exterior.","breadcrumb":{"@id":"https:\/\/faculdadeluteranaconcordia.com.br\/site\/contato\/#breadcrumb"},"inLanguage":"pt-PT","potentialAction":[{"@type":"ReadAction","target":["https:\/\/faculdadeluteranaconcordia.com.br\/site\/contato\/"]}]},{"@type":"ImageObject","inLanguage":"pt-PT","@id":"https:\/\/faculdadeluteranaconcordia.com.br\/site\/contato\/#primaryimage","url":"https:\/\/faculdadeluteranaconcordia.com.br\/site\/wp-content\/uploads\/2025\/06\/CONTATO-FACULDADE-2025.webp","contentUrl":"https:\/\/faculdadeluteranaconcordia.com.br\/site\/wp-content\/uploads\/2025\/06\/CONTATO-FACULDADE-2025.webp","width":1920,"height":1080},{"@type":"BreadcrumbList","@id":"https:\/\/faculdadeluteranaconcordia.com.br\/site\/contato\/#breadcrumb","itemListElement":[{"@type":"ListItem","position":1,"name":"In\u00edcio","item":"https:\/\/faculdadeluteranaconcordia.com.br\/site\/"},{"@type":"ListItem","position":2,"name":"Contato"}]},{"@type":"WebSite","@id":"https:\/\/faculdadeluteranaconcordia.com.br\/site\/#website","url":"https:\/\/faculdadeluteranaconcordia.com.br\/site\/","name":"Faculdade Luterana Conc\u00f3rdia","description":"Site Institucional da Faculdade Luterana","publisher":{"@id":"https:\/\/faculdadeluteranaconcordia.com.br\/site\/#organization"},"potentialAction":[{"@type":"SearchAction","target":{"@type":"EntryPoint","urlTemplate":"https:\/\/faculdadeluteranaconcordia.com.br\/site\/?s={search_term_string}"},"query-input":{"@type":"PropertyValueSpecification","valueRequired":true,"valueName":"search_term_string"}}],"inLanguage":"pt-PT"},{"@type":"Organization","@id":"https:\/\/faculdadeluteranaconcordia.com.br\/site\/#organization","name":"Faculdade Luterana Conc\u00f3rdia","url":"https:\/\/faculdadeluteranaconcordia.com.br\/site\/","logo":{"@type":"ImageObject","inLanguage":"pt-PT","@id":"https:\/\/faculdadeluteranaconcordia.com.br\/site\/#\/schema\/logo\/image\/","url":"https:\/\/faculdadeluteranaconcordia.com.br\/site\/wp-content\/uploads\/2023\/04\/LOGO-NOVO-FACULDADE-1.webp","contentUrl":"https:\/\/faculdadeluteranaconcordia.com.br\/site\/wp-content\/uploads\/2023\/04\/LOGO-NOVO-FACULDADE-1.webp","width":1200,"height":383,"caption":"Faculdade Luterana Conc\u00f3rdia"},"image":{"@id":"https:\/\/faculdadeluteranaconcordia.com.br\/site\/#\/schema\/logo\/image\/"}}]}},"_links":{"self":[{"href":"https:\/\/faculdadeluteranaconcordia.com.br\/site\/wp-json\/wp\/v2\/pages\/207","targetHints":{"allow":["GET"]}}],"collection":[{"href":"https:\/\/faculdadeluteranaconcordia.com.br\/site\/wp-json\/wp\/v2\/pages"}],"about":[{"href":"https:\/\/faculdadeluteranaconcordia.com.br\/site\/wp-json\/wp\/v2\/types\/page"}],"author":[{"embeddable":true,"href":"https:\/\/faculdadeluteranaconcordia.com.br\/site\/wp-json\/wp\/v2\/users\/1"}],"replies":[{"embeddable":true,"href":"https:\/\/faculdadeluteranaconcordia.com.br\/site\/wp-json\/wp\/v2\/comments?post=207"}],"version-history":[{"count":85,"href":"https:\/\/faculdadeluteranaconcordia.com.br\/site\/wp-json\/wp\/v2\/pages\/207\/revisions"}],"predecessor-version":[{"id":2282,"href":"https:\/\/faculdadeluteranaconcordia.com.br\/site\/wp-json\/wp\/v2\/pages\/207\/revisions\/2282"}],"wp:featuredmedia":[{"embeddable":true,"href":"https:\/\/faculdadeluteranaconcordia.com.br\/site\/wp-json\/wp\/v2\/media\/2254"}],"wp:attachment":[{"href":"https:\/\/faculdadeluteranaconcordia.com.br\/site\/wp-json\/wp\/v2\/media?parent=207"}],"curies":[{"name":"wp","href":"https:\/\/api.w.org\/{rel}","templated":true}]}}